{"id":49,"date":"2015-08-15T01:01:40","date_gmt":"2015-08-15T04:01:40","guid":{"rendered":"http:\/\/liaalves.com.br\/?page_id=49"},"modified":"2017-02-22T13:17:05","modified_gmt":"2017-02-22T16:17:05","slug":"dor-orofacial-e-disfuncao-da-atm","status":"publish","type":"page","link":"https:\/\/liaalves.com.br\/en\/dor-orofacial-e-disfuncao-da-atm\/","title":{"rendered":"Orofacial Pain And TMJ Dysfunction"},"content":{"rendered":"<p><font color=\"333333\">Pain in the mouth or face is very common, but, most of the times, people who suffer from this problem don\u00b4t know a professional who is a specialist in this area, able to provide a treatment that really relieves the pain.<br \/>\n&nbsp;&nbsp;<br \/>\nThe dental specialist in Orofacial Pain has the knowledge to diagnose and treat different conditions, such as: TMJ Dysfunction, bruxism, post-surgery or post-implant neuralgias (nerve pain), burning mouth, etc.<br \/>\n&nbsp;&nbsp;<br \/>\nTMJ is the acronym for a joint we have in the face, close to the ear, which opens and closes the mouth. When this joint or the muscles that are connected don\u00b4t work well, then some symptoms can occur, like:<br \/>\n&nbsp;&nbsp;<\/p>\n<ul>\n<li>Pain in the facial muscles (it can be confused or combined with migraine)<\/li>\n<li>Chronic headaches<\/li>\n<li>Pain in the TMJ (it might feel like an earache)<\/li>\n<\/ul>\n<p>&nbsp;&nbsp;<\/p>\n<ul>\n<li>Clicks or sounds when the mouth is opened<\/li>\n<li>Locking of the jaw<\/li>\n<li>Uncomfortable chewing<\/li>\n<\/ul>\n<p>&nbsp;&nbsp;<br \/>\nIn most of the cases the treatment is clinical &#8211; surgeries or other radical procedures are not necessary. In our office the treatment includes some different therapies, such as exercises to stretch and strengthen the muscles, bite splint and devices that minimize pain and relax the muscles, such like laser and TENS.<br \/>\n&nbsp;&nbsp;<br \/>\nBesides this, I take a long time to explain diagnosis (so the patients can understand what do they have), and I give counselling on what they can do at home to decrease the pain. This is very important to involve and to motivate the patients in the treatment and, as a consequence, to achieve better outcomes.<br \/>\n&nbsp;&nbsp;<br \/>\nIn Brazil nowadays there are more than 400,000 people with TMJ Dysfunction. You are not alone! But, relax, you are in good hands!<\/font><\/p>","protected":false},"excerpt":{"rendered":"<p>Pain in the mouth or face is very common, but, often, people who suffer from this problem don\u00b4t know a professional who is a specialist in this area, able to provide a treatment that really relieves the pain.<\/p>\n","protected":false},"author":1,"featured_media":165,"parent":0,"menu_order":0,"comment_status":"open","ping_status":"open","template":"","meta":{"footnotes":""},"class_list":["post-49","page","type-page","status-publish","has-post-thumbnail","hentry"],"yoast_head":"<!-- This site is optimized with the Yoast SEO plugin v20.11 - https:\/\/yoast.com\/wordpress\/plugins\/seo\/ -->\n<title>Orofacial Pain And TMJ Dysfunction - Dra. Lia Alves Schinetski<\/title>\n<meta name=\"robots\" content=\"index, follow, max-snippet:-1, max-image-preview:large, max-video-preview:-1\" \/>\n<link rel=\"canonical\" href=\"https:\/\/liaalves.com.br\/dor-orofacial-e-disfuncao-da-atm\/\" \/>\n<meta property=\"og:locale\" content=\"en_US\" \/>\n<meta property=\"og:type\" content=\"article\" \/>\n<meta property=\"og:title\" content=\"[:br]Dor Orofacial e Disfun\u00e7\u00e3o da ATM[:en]Orofacial Pain And TMJ Dysfunction[:] - Dra. Lia Alves Schinetski\" \/>\n<meta property=\"og:description\" content=\"[:br]Dor na boca ou na face \u00e9 algo muito comum, mas muitas vezes as pessoas que sofrem com esse problema n\u00e3o conhecem um profissional especialista nessa \u00e1rea, que seja capaz de fazer um tratamento que alivie de fato a sua dor. [:en]Pain in the mouth or face is very common, but, often, people who suffer from this problem don\u00b4t know a professional who is a specialist in this area, able to provide a treatment that really relieves the pain. [:]\" \/>\n<meta property=\"og:url\" content=\"https:\/\/liaalves.com.br\/dor-orofacial-e-disfuncao-da-atm\/\" \/>\n<meta property=\"og:site_name\" content=\"Dra. Lia Alves Schinetski\" \/>\n<meta property=\"article:modified_time\" content=\"2017-02-22T16:17:05+00:00\" \/>\n<meta property=\"og:image\" content=\"https:\/\/liaalves.com.br\/wp-content\/uploads\/2015\/08\/page-dor-orofacial-e-disfuncao-da-atm.jpg\" \/>\n\t<meta property=\"og:image:width\" content=\"970\" \/>\n\t<meta property=\"og:image:height\" content=\"277\" \/>\n\t<meta property=\"og:image:type\" content=\"image\/jpeg\" \/>\n<meta name=\"twitter:card\" content=\"summary_large_image\" \/>\n<meta name=\"twitter:label1\" content=\"Est. reading time\" \/>\n\t<meta name=\"twitter:data1\" content=\"3 minutes\" \/>\n<script type=\"application\/ld+json\" class=\"yoast-schema-graph\">{\"@context\":\"https:\/\/schema.org\",\"@graph\":[{\"@type\":\"WebPage\",\"@id\":\"https:\/\/liaalves.com.br\/dor-orofacial-e-disfuncao-da-atm\/\",\"url\":\"https:\/\/liaalves.com.br\/dor-orofacial-e-disfuncao-da-atm\/\",\"name\":\"[:br]Dor Orofacial e Disfun\u00e7\u00e3o da ATM[:en]Orofacial Pain And TMJ Dysfunction[:] - Dra. Lia Alves Schinetski\",\"isPartOf\":{\"@id\":\"https:\/\/webapp292042.ip-45-79-33-168.cloudezapp.io\/#website\"},\"datePublished\":\"2015-08-15T04:01:40+00:00\",\"dateModified\":\"2017-02-22T16:17:05+00:00\",\"breadcrumb\":{\"@id\":\"https:\/\/liaalves.com.br\/dor-orofacial-e-disfuncao-da-atm\/#breadcrumb\"},\"inLanguage\":\"en-US\",\"potentialAction\":[{\"@type\":\"ReadAction\",\"target\":[\"https:\/\/liaalves.com.br\/dor-orofacial-e-disfuncao-da-atm\/\"]}]},{\"@type\":\"BreadcrumbList\",\"@id\":\"https:\/\/liaalves.com.br\/dor-orofacial-e-disfuncao-da-atm\/#breadcrumb\",\"itemListElement\":[{\"@type\":\"ListItem\",\"position\":1,\"name\":\"In\u00edcio\",\"item\":\"https:\/\/webapp292042.ip-45-79-33-168.cloudezapp.io\/\"},{\"@type\":\"ListItem\",\"position\":2,\"name\":\"Dor Orofacial e Disfun\u00e7\u00e3o da ATM\"}]},{\"@type\":\"WebSite\",\"@id\":\"https:\/\/webapp292042.ip-45-79-33-168.cloudezapp.io\/#website\",\"url\":\"https:\/\/webapp292042.ip-45-79-33-168.cloudezapp.io\/\",\"name\":\"Dra. Lia Alves Schinetski\",\"description\":\"Odontologia | Dentistry\",\"potentialAction\":[{\"@type\":\"SearchAction\",\"target\":{\"@type\":\"EntryPoint\",\"urlTemplate\":\"https:\/\/webapp292042.ip-45-79-33-168.cloudezapp.io\/?s={search_term_string}\"},\"query-input\":\"required name=search_term_string\"}],\"inLanguage\":\"en-US\"}]}<\/script>\n<!-- \/ Yoast SEO plugin. -->","yoast_head_json":{"title":"[:br]Dor Orofacial e Disfun\u00e7\u00e3o da ATM[:en]Orofacial Pain And TMJ Dysfunction[:] - Dra. Lia Alves Schinetski","robots":{"index":"index","follow":"follow","max-snippet":"max-snippet:-1","max-image-preview":"max-image-preview:large","max-video-preview":"max-video-preview:-1"},"canonical":"https:\/\/liaalves.com.br\/dor-orofacial-e-disfuncao-da-atm\/","og_locale":"en_US","og_type":"article","og_title":"[:br]Dor Orofacial e Disfun\u00e7\u00e3o da ATM[:en]Orofacial Pain And TMJ Dysfunction[:] - Dra. Lia Alves Schinetski","og_description":"[:br]Dor na boca ou na face \u00e9 algo muito comum, mas muitas vezes as pessoas que sofrem com esse problema n\u00e3o conhecem um profissional especialista nessa \u00e1rea, que seja capaz de fazer um tratamento que alivie de fato a sua dor. [:en]Pain in the mouth or face is very common, but, often, people who suffer from this problem don\u00b4t know a professional who is a specialist in this area, able to provide a treatment that really relieves the pain. [:]","og_url":"https:\/\/liaalves.com.br\/dor-orofacial-e-disfuncao-da-atm\/","og_site_name":"Dra. Lia Alves Schinetski","article_modified_time":"2017-02-22T16:17:05+00:00","og_image":[{"width":970,"height":277,"url":"https:\/\/liaalves.com.br\/wp-content\/uploads\/2015\/08\/page-dor-orofacial-e-disfuncao-da-atm.jpg","type":"image\/jpeg"}],"twitter_card":"summary_large_image","twitter_misc":{"Est. reading time":"3 minutes"},"schema":{"@context":"https:\/\/schema.org","@graph":[{"@type":"WebPage","@id":"https:\/\/liaalves.com.br\/dor-orofacial-e-disfuncao-da-atm\/","url":"https:\/\/liaalves.com.br\/dor-orofacial-e-disfuncao-da-atm\/","name":"[:br]Dor Orofacial e Disfun\u00e7\u00e3o da ATM[:en]Orofacial Pain And TMJ Dysfunction[:] - Dra. Lia Alves Schinetski","isPartOf":{"@id":"https:\/\/webapp292042.ip-45-79-33-168.cloudezapp.io\/#website"},"datePublished":"2015-08-15T04:01:40+00:00","dateModified":"2017-02-22T16:17:05+00:00","breadcrumb":{"@id":"https:\/\/liaalves.com.br\/dor-orofacial-e-disfuncao-da-atm\/#breadcrumb"},"inLanguage":"en-US","potentialAction":[{"@type":"ReadAction","target":["https:\/\/liaalves.com.br\/dor-orofacial-e-disfuncao-da-atm\/"]}]},{"@type":"BreadcrumbList","@id":"https:\/\/liaalves.com.br\/dor-orofacial-e-disfuncao-da-atm\/#breadcrumb","itemListElement":[{"@type":"ListItem","position":1,"name":"In\u00edcio","item":"https:\/\/webapp292042.ip-45-79-33-168.cloudezapp.io\/"},{"@type":"ListItem","position":2,"name":"Dor Orofacial e Disfun\u00e7\u00e3o da ATM"}]},{"@type":"WebSite","@id":"https:\/\/webapp292042.ip-45-79-33-168.cloudezapp.io\/#website","url":"https:\/\/webapp292042.ip-45-79-33-168.cloudezapp.io\/","name":"Dra. Lia Alves Schinetski","description":"Odontologia | Dentistry","potentialAction":[{"@type":"SearchAction","target":{"@type":"EntryPoint","urlTemplate":"https:\/\/webapp292042.ip-45-79-33-168.cloudezapp.io\/?s={search_term_string}"},"query-input":"required name=search_term_string"}],"inLanguage":"en-US"}]}},"_links":{"self":[{"href":"https:\/\/liaalves.com.br\/en\/wp-json\/wp\/v2\/pages\/49","targetHints":{"allow":["GET"]}}],"collection":[{"href":"https:\/\/liaalves.com.br\/en\/wp-json\/wp\/v2\/pages"}],"about":[{"href":"https:\/\/liaalves.com.br\/en\/wp-json\/wp\/v2\/types\/page"}],"author":[{"embeddable":true,"href":"https:\/\/liaalves.com.br\/en\/wp-json\/wp\/v2\/users\/1"}],"replies":[{"embeddable":true,"href":"https:\/\/liaalves.com.br\/en\/wp-json\/wp\/v2\/comments?post=49"}],"version-history":[{"count":10,"href":"https:\/\/liaalves.com.br\/en\/wp-json\/wp\/v2\/pages\/49\/revisions"}],"predecessor-version":[{"id":809,"href":"https:\/\/liaalves.com.br\/en\/wp-json\/wp\/v2\/pages\/49\/revisions\/809"}],"wp:featuredmedia":[{"embeddable":true,"href":"https:\/\/liaalves.com.br\/en\/wp-json\/wp\/v2\/media\/165"}],"wp:attachment":[{"href":"https:\/\/liaalves.com.br\/en\/wp-json\/wp\/v2\/media?parent=49"}],"curies":[{"name":"wp","href":"https:\/\/api.w.org\/{rel}","templated":true}]}}