{"id":47,"date":"2015-08-15T01:00:34","date_gmt":"2015-08-15T04:00:34","guid":{"rendered":"http:\/\/liaalves.com.br\/?page_id=47"},"modified":"2017-02-22T13:21:47","modified_gmt":"2017-02-22T16:21:47","slug":"odontologia-do-sono","status":"publish","type":"page","link":"https:\/\/liaalves.com.br\/en\/odontologia-do-sono\/","title":{"rendered":"Dental Sleep Medicine"},"content":{"rendered":"<p><font color=\"333333\">Have you been told you snore? Do you feel sleepy or irritated throughout the day? Have you been experiencing trouble concentrating or memory lapses? If these symptoms describe your situation, consider being evaluated for sleep apnea.<br \/>\n&nbsp;&nbsp;<br \/>\nYou might wonder what a dentist has to do with a sleep disorder. Well, your airways, jaw alignment, and tissues inside your mouth all come within the focus of a dental professional. Imbalances like the kind that cause mild to moderate sleep apnea can be addressed conservatively and effectively with oral appliance therapy.<br \/>\n&nbsp;&nbsp;<br \/>\nYou need deep, restful sleep for your body and mind to function at their best. However when someone has sleep apnea, their sleep is interrupted many times per night by breathing stoppages. The person can wake up frightened, as if they were choking, or, even if the person does not wake up during the night, the sleep is very superficial and, as a consequence, they feel sleepy, tired and in a bad mood during the day.<br \/>\n&nbsp;&nbsp;<br \/>\nThis is a silent illness that might cause cardiovascular diseases (high blood pressure, stroke and heart attack), depression, diabetes, erectile dysfunction and decrease in the intellectual capacity. In fact, there is scientific proof that apnea increases the risk of vehicle accidents by seven times.<br \/>\n&nbsp;&nbsp;<br \/>\nThe mandibular advancement appliance works this way: it adjusts your jaw\u2019s position so it\u2019s properly aligned to prevent airway obstruction during the night. Comfortable and compact, a nightguard is the most conservative sleep apnea therapy available and scientifically proved by research developed in many countries.<br \/>\n&nbsp;&nbsp;<br \/>\nBad sleep decreases life quality, so consider having a treatment to address snoring or apnea. When you sleep well, you are able to accomplish everything that makes you feel happy.<\/font><\/p>","protected":false},"excerpt":{"rendered":"<p>Have you been told you snore? Do you feel sleepy or irritated throughout the day? Have you been experiencing trouble concentrating or memory lapses? If these symptoms describe your situation, consider being evaluated for sleep apnea.<\/p>\n","protected":false},"author":1,"featured_media":164,"parent":0,"menu_order":0,"comment_status":"open","ping_status":"open","template":"","meta":{"footnotes":""},"class_list":["post-47","page","type-page","status-publish","has-post-thumbnail","hentry"],"yoast_head":"<!-- This site is optimized with the Yoast SEO plugin v20.11 - https:\/\/yoast.com\/wordpress\/plugins\/seo\/ -->\n<title>Dental Sleep Medicine - Dra. Lia Alves Schinetski<\/title>\n<meta name=\"robots\" content=\"index, follow, max-snippet:-1, max-image-preview:large, max-video-preview:-1\" \/>\n<link rel=\"canonical\" href=\"https:\/\/liaalves.com.br\/odontologia-do-sono\/\" \/>\n<meta property=\"og:locale\" content=\"en_US\" \/>\n<meta property=\"og:type\" content=\"article\" \/>\n<meta property=\"og:title\" content=\"[:br]Odontologia do Sono[:en]Dental Sleep Medicine[:] - Dra. Lia Alves Schinetski\" \/>\n<meta property=\"og:description\" content=\"[:br]As pessoas dizem que voc\u00ea ronca? Voc\u00ea se sente sonolento ou muito irritado durante o dia? Voc\u00ea tem falta de concentra\u00e7\u00e3o ou problemas de mem\u00f3ria? Se esses sintomas descrevem a sua situa\u00e7\u00e3o, \u00e9 importante que voc\u00ea fa\u00e7a exames para diagnosticar se voc\u00ea tem apneia do sono.[:en]Have you been told you snore? Do you feel sleepy or irritated throughout the day? Have you been experiencing trouble concentrating or memory lapses? If these symptoms describe your situation, consider being evaluated for sleep apnea. [:]\" \/>\n<meta property=\"og:url\" content=\"https:\/\/liaalves.com.br\/odontologia-do-sono\/\" \/>\n<meta property=\"og:site_name\" content=\"Dra. Lia Alves Schinetski\" \/>\n<meta property=\"article:modified_time\" content=\"2017-02-22T16:21:47+00:00\" \/>\n<meta property=\"og:image\" content=\"https:\/\/liaalves.com.br\/wp-content\/uploads\/2015\/08\/page-odontologia-do-sono.jpg\" \/>\n\t<meta property=\"og:image:width\" content=\"970\" \/>\n\t<meta property=\"og:image:height\" content=\"277\" \/>\n\t<meta property=\"og:image:type\" content=\"image\/jpeg\" \/>\n<meta name=\"twitter:card\" content=\"summary_large_image\" \/>\n<meta name=\"twitter:label1\" content=\"Est. reading time\" \/>\n\t<meta name=\"twitter:data1\" content=\"3 minutes\" \/>\n<script type=\"application\/ld+json\" class=\"yoast-schema-graph\">{\"@context\":\"https:\/\/schema.org\",\"@graph\":[{\"@type\":\"WebPage\",\"@id\":\"https:\/\/liaalves.com.br\/odontologia-do-sono\/\",\"url\":\"https:\/\/liaalves.com.br\/odontologia-do-sono\/\",\"name\":\"[:br]Odontologia do Sono[:en]Dental Sleep Medicine[:] - Dra. Lia Alves Schinetski\",\"isPartOf\":{\"@id\":\"https:\/\/webapp292042.ip-45-79-33-168.cloudezapp.io\/#website\"},\"datePublished\":\"2015-08-15T04:00:34+00:00\",\"dateModified\":\"2017-02-22T16:21:47+00:00\",\"breadcrumb\":{\"@id\":\"https:\/\/liaalves.com.br\/odontologia-do-sono\/#breadcrumb\"},\"inLanguage\":\"en-US\",\"potentialAction\":[{\"@type\":\"ReadAction\",\"target\":[\"https:\/\/liaalves.com.br\/odontologia-do-sono\/\"]}]},{\"@type\":\"BreadcrumbList\",\"@id\":\"https:\/\/liaalves.com.br\/odontologia-do-sono\/#breadcrumb\",\"itemListElement\":[{\"@type\":\"ListItem\",\"position\":1,\"name\":\"In\u00edcio\",\"item\":\"https:\/\/webapp292042.ip-45-79-33-168.cloudezapp.io\/\"},{\"@type\":\"ListItem\",\"position\":2,\"name\":\"Odontologia do Sono\"}]},{\"@type\":\"WebSite\",\"@id\":\"https:\/\/webapp292042.ip-45-79-33-168.cloudezapp.io\/#website\",\"url\":\"https:\/\/webapp292042.ip-45-79-33-168.cloudezapp.io\/\",\"name\":\"Dra. Lia Alves Schinetski\",\"description\":\"Odontologia | Dentistry\",\"potentialAction\":[{\"@type\":\"SearchAction\",\"target\":{\"@type\":\"EntryPoint\",\"urlTemplate\":\"https:\/\/webapp292042.ip-45-79-33-168.cloudezapp.io\/?s={search_term_string}\"},\"query-input\":\"required name=search_term_string\"}],\"inLanguage\":\"en-US\"}]}<\/script>\n<!-- \/ Yoast SEO plugin. -->","yoast_head_json":{"title":"[:br]Odontologia do Sono[:en]Dental Sleep Medicine[:] - Dra. Lia Alves Schinetski","robots":{"index":"index","follow":"follow","max-snippet":"max-snippet:-1","max-image-preview":"max-image-preview:large","max-video-preview":"max-video-preview:-1"},"canonical":"https:\/\/liaalves.com.br\/odontologia-do-sono\/","og_locale":"en_US","og_type":"article","og_title":"[:br]Odontologia do Sono[:en]Dental Sleep Medicine[:] - Dra. Lia Alves Schinetski","og_description":"[:br]As pessoas dizem que voc\u00ea ronca? Voc\u00ea se sente sonolento ou muito irritado durante o dia? Voc\u00ea tem falta de concentra\u00e7\u00e3o ou problemas de mem\u00f3ria? Se esses sintomas descrevem a sua situa\u00e7\u00e3o, \u00e9 importante que voc\u00ea fa\u00e7a exames para diagnosticar se voc\u00ea tem apneia do sono.[:en]Have you been told you snore? Do you feel sleepy or irritated throughout the day? Have you been experiencing trouble concentrating or memory lapses? If these symptoms describe your situation, consider being evaluated for sleep apnea. [:]","og_url":"https:\/\/liaalves.com.br\/odontologia-do-sono\/","og_site_name":"Dra. Lia Alves Schinetski","article_modified_time":"2017-02-22T16:21:47+00:00","og_image":[{"width":970,"height":277,"url":"https:\/\/liaalves.com.br\/wp-content\/uploads\/2015\/08\/page-odontologia-do-sono.jpg","type":"image\/jpeg"}],"twitter_card":"summary_large_image","twitter_misc":{"Est. reading time":"3 minutes"},"schema":{"@context":"https:\/\/schema.org","@graph":[{"@type":"WebPage","@id":"https:\/\/liaalves.com.br\/odontologia-do-sono\/","url":"https:\/\/liaalves.com.br\/odontologia-do-sono\/","name":"[:br]Odontologia do Sono[:en]Dental Sleep Medicine[:] - Dra. Lia Alves Schinetski","isPartOf":{"@id":"https:\/\/webapp292042.ip-45-79-33-168.cloudezapp.io\/#website"},"datePublished":"2015-08-15T04:00:34+00:00","dateModified":"2017-02-22T16:21:47+00:00","breadcrumb":{"@id":"https:\/\/liaalves.com.br\/odontologia-do-sono\/#breadcrumb"},"inLanguage":"en-US","potentialAction":[{"@type":"ReadAction","target":["https:\/\/liaalves.com.br\/odontologia-do-sono\/"]}]},{"@type":"BreadcrumbList","@id":"https:\/\/liaalves.com.br\/odontologia-do-sono\/#breadcrumb","itemListElement":[{"@type":"ListItem","position":1,"name":"In\u00edcio","item":"https:\/\/webapp292042.ip-45-79-33-168.cloudezapp.io\/"},{"@type":"ListItem","position":2,"name":"Odontologia do Sono"}]},{"@type":"WebSite","@id":"https:\/\/webapp292042.ip-45-79-33-168.cloudezapp.io\/#website","url":"https:\/\/webapp292042.ip-45-79-33-168.cloudezapp.io\/","name":"Dra. Lia Alves Schinetski","description":"Odontologia | Dentistry","potentialAction":[{"@type":"SearchAction","target":{"@type":"EntryPoint","urlTemplate":"https:\/\/webapp292042.ip-45-79-33-168.cloudezapp.io\/?s={search_term_string}"},"query-input":"required name=search_term_string"}],"inLanguage":"en-US"}]}},"_links":{"self":[{"href":"https:\/\/liaalves.com.br\/en\/wp-json\/wp\/v2\/pages\/47","targetHints":{"allow":["GET"]}}],"collection":[{"href":"https:\/\/liaalves.com.br\/en\/wp-json\/wp\/v2\/pages"}],"about":[{"href":"https:\/\/liaalves.com.br\/en\/wp-json\/wp\/v2\/types\/page"}],"author":[{"embeddable":true,"href":"https:\/\/liaalves.com.br\/en\/wp-json\/wp\/v2\/users\/1"}],"replies":[{"embeddable":true,"href":"https:\/\/liaalves.com.br\/en\/wp-json\/wp\/v2\/comments?post=47"}],"version-history":[{"count":11,"href":"https:\/\/liaalves.com.br\/en\/wp-json\/wp\/v2\/pages\/47\/revisions"}],"predecessor-version":[{"id":810,"href":"https:\/\/liaalves.com.br\/en\/wp-json\/wp\/v2\/pages\/47\/revisions\/810"}],"wp:featuredmedia":[{"embeddable":true,"href":"https:\/\/liaalves.com.br\/en\/wp-json\/wp\/v2\/media\/164"}],"wp:attachment":[{"href":"https:\/\/liaalves.com.br\/en\/wp-json\/wp\/v2\/media?parent=47"}],"curies":[{"name":"wp","href":"https:\/\/api.w.org\/{rel}","templated":true}]}}