{"id":45,"date":"2015-08-15T00:59:48","date_gmt":"2015-08-15T03:59:48","guid":{"rendered":"http:\/\/liaalves.com.br\/?page_id=45"},"modified":"2017-02-22T13:13:00","modified_gmt":"2017-02-22T16:13:00","slug":"odontologia-estetica","status":"publish","type":"page","link":"https:\/\/liaalves.com.br\/en\/odontologia-estetica\/","title":{"rendered":"Cosmetic Dentistry"},"content":{"rendered":"<p><\/p>\n<h3><font color=\"333333\"><strong>\u201cA smile is your best business card\u201d. This well-known sentence should really be taken seriously because it is scientifically proven that a smile is the most important element in facial aesthetics.<\/strong><\/h3>\n<p>&nbsp;&nbsp;<br \/>\nA smile is not only related to aesthetics, but also to emotions. If you are unsatisfied with your misaligned or dark teeth, probably you will not feel comfortable smiling and this can bring bad consequences to your relationships and to the way you are seen by others.<br \/>\n&nbsp;&nbsp;<br \/>\nOn the other hand, a beautiful and natural smile has the power to increase one\u00b4s self esteem and life quality. This is why we believe that investing in a dental treatment means investing in health and well-being.<br \/>\n&nbsp;&nbsp;<br \/>\nThere are many techniques and materials to improve your smile.<br \/>\nIf you have dark teeth this problem can be solved with a tooth whitening. This treatment does not wear or leave your teeth fragile, because it\u00b4s like a cleaning made inside of the teeth, by a chemical process that breaks big molecules of pigments, and, as a consequence, bleaches teeth.<br \/>\n&nbsp;&nbsp;<br \/>\nAnd if one or more front teeth are misaligned or have color problems, you can do porcelain restorations such as veneers or crowns.<br \/>\n&nbsp;&nbsp;<br \/>\nOld silver restorations can be replaced by composite or porcelain, which have the same color as natural teeth. You can read about these and other options to improve your smile in my blog.<\/font><\/p>","protected":false},"excerpt":{"rendered":"<p>\u201cA smile is your best business card\u201d. This well-known sentence should really be taken seriously because it is scientifically proven that a smile is the most important element in facial aesthetics.<\/p>\n","protected":false},"author":1,"featured_media":99,"parent":0,"menu_order":0,"comment_status":"open","ping_status":"open","template":"","meta":{"footnotes":""},"class_list":["post-45","page","type-page","status-publish","has-post-thumbnail","hentry"],"yoast_head":"<!-- This site is optimized with the Yoast SEO plugin v20.11 - https:\/\/yoast.com\/wordpress\/plugins\/seo\/ -->\n<title>Cosmetic Dentistry - Dra. Lia Alves Schinetski<\/title>\n<meta name=\"robots\" content=\"index, follow, max-snippet:-1, max-image-preview:large, max-video-preview:-1\" \/>\n<link rel=\"canonical\" href=\"https:\/\/liaalves.com.br\/odontologia-estetica\/\" \/>\n<meta property=\"og:locale\" content=\"en_US\" \/>\n<meta property=\"og:type\" content=\"article\" \/>\n<meta property=\"og:title\" content=\"[:br]Odontologia Est\u00e9tica[:en]Cosmetic Dentistry[:] - Dra. Lia Alves Schinetski\" \/>\n<meta property=\"og:description\" content=\"[:br]\u201cO sorriso \u00e9 o seu melhor cart\u00e3o de visitas\u201d.  Este conhecido ditado deve realmente ser levado em considera\u00e7\u00e3o, porque est\u00e1 comprovado cientificamente que o sorriso \u00e9 o elemento mais importante na est\u00e9tica facial. [:en]\u201cA smile is your best business card\u201d. This well-known sentence should really be taken seriously because it is scientifically proven that a smile is the most important element in facial aesthetics.[:]\" \/>\n<meta property=\"og:url\" content=\"https:\/\/liaalves.com.br\/odontologia-estetica\/\" \/>\n<meta property=\"og:site_name\" content=\"Dra. Lia Alves Schinetski\" \/>\n<meta property=\"article:modified_time\" content=\"2017-02-22T16:13:00+00:00\" \/>\n<meta property=\"og:image\" content=\"https:\/\/liaalves.com.br\/wp-content\/uploads\/2015\/08\/odontologia-estetica1.jpg\" \/>\n\t<meta property=\"og:image:width\" content=\"1500\" \/>\n\t<meta property=\"og:image:height\" content=\"280\" \/>\n\t<meta property=\"og:image:type\" content=\"image\/jpeg\" \/>\n<meta name=\"twitter:card\" content=\"summary_large_image\" \/>\n<meta name=\"twitter:label1\" content=\"Est. reading time\" \/>\n\t<meta name=\"twitter:data1\" content=\"3 minutes\" \/>\n<script type=\"application\/ld+json\" class=\"yoast-schema-graph\">{\"@context\":\"https:\/\/schema.org\",\"@graph\":[{\"@type\":\"WebPage\",\"@id\":\"https:\/\/liaalves.com.br\/odontologia-estetica\/\",\"url\":\"https:\/\/liaalves.com.br\/odontologia-estetica\/\",\"name\":\"[:br]Odontologia Est\u00e9tica[:en]Cosmetic Dentistry[:] - Dra. Lia Alves Schinetski\",\"isPartOf\":{\"@id\":\"https:\/\/webapp292042.ip-45-79-33-168.cloudezapp.io\/#website\"},\"datePublished\":\"2015-08-15T03:59:48+00:00\",\"dateModified\":\"2017-02-22T16:13:00+00:00\",\"breadcrumb\":{\"@id\":\"https:\/\/liaalves.com.br\/odontologia-estetica\/#breadcrumb\"},\"inLanguage\":\"en-US\",\"potentialAction\":[{\"@type\":\"ReadAction\",\"target\":[\"https:\/\/liaalves.com.br\/odontologia-estetica\/\"]}]},{\"@type\":\"BreadcrumbList\",\"@id\":\"https:\/\/liaalves.com.br\/odontologia-estetica\/#breadcrumb\",\"itemListElement\":[{\"@type\":\"ListItem\",\"position\":1,\"name\":\"In\u00edcio\",\"item\":\"https:\/\/webapp292042.ip-45-79-33-168.cloudezapp.io\/\"},{\"@type\":\"ListItem\",\"position\":2,\"name\":\"Odontologia Est\u00e9tica\"}]},{\"@type\":\"WebSite\",\"@id\":\"https:\/\/webapp292042.ip-45-79-33-168.cloudezapp.io\/#website\",\"url\":\"https:\/\/webapp292042.ip-45-79-33-168.cloudezapp.io\/\",\"name\":\"Dra. Lia Alves Schinetski\",\"description\":\"Odontologia | Dentistry\",\"potentialAction\":[{\"@type\":\"SearchAction\",\"target\":{\"@type\":\"EntryPoint\",\"urlTemplate\":\"https:\/\/webapp292042.ip-45-79-33-168.cloudezapp.io\/?s={search_term_string}\"},\"query-input\":\"required name=search_term_string\"}],\"inLanguage\":\"en-US\"}]}<\/script>\n<!-- \/ Yoast SEO plugin. -->","yoast_head_json":{"title":"[:br]Odontologia Est\u00e9tica[:en]Cosmetic Dentistry[:] - Dra. Lia Alves Schinetski","robots":{"index":"index","follow":"follow","max-snippet":"max-snippet:-1","max-image-preview":"max-image-preview:large","max-video-preview":"max-video-preview:-1"},"canonical":"https:\/\/liaalves.com.br\/odontologia-estetica\/","og_locale":"en_US","og_type":"article","og_title":"[:br]Odontologia Est\u00e9tica[:en]Cosmetic Dentistry[:] - Dra. Lia Alves Schinetski","og_description":"[:br]\u201cO sorriso \u00e9 o seu melhor cart\u00e3o de visitas\u201d.  Este conhecido ditado deve realmente ser levado em considera\u00e7\u00e3o, porque est\u00e1 comprovado cientificamente que o sorriso \u00e9 o elemento mais importante na est\u00e9tica facial. [:en]\u201cA smile is your best business card\u201d. This well-known sentence should really be taken seriously because it is scientifically proven that a smile is the most important element in facial aesthetics.[:]","og_url":"https:\/\/liaalves.com.br\/odontologia-estetica\/","og_site_name":"Dra. Lia Alves Schinetski","article_modified_time":"2017-02-22T16:13:00+00:00","og_image":[{"width":1500,"height":280,"url":"https:\/\/liaalves.com.br\/wp-content\/uploads\/2015\/08\/odontologia-estetica1.jpg","type":"image\/jpeg"}],"twitter_card":"summary_large_image","twitter_misc":{"Est. reading time":"3 minutes"},"schema":{"@context":"https:\/\/schema.org","@graph":[{"@type":"WebPage","@id":"https:\/\/liaalves.com.br\/odontologia-estetica\/","url":"https:\/\/liaalves.com.br\/odontologia-estetica\/","name":"[:br]Odontologia Est\u00e9tica[:en]Cosmetic Dentistry[:] - Dra. Lia Alves Schinetski","isPartOf":{"@id":"https:\/\/webapp292042.ip-45-79-33-168.cloudezapp.io\/#website"},"datePublished":"2015-08-15T03:59:48+00:00","dateModified":"2017-02-22T16:13:00+00:00","breadcrumb":{"@id":"https:\/\/liaalves.com.br\/odontologia-estetica\/#breadcrumb"},"inLanguage":"en-US","potentialAction":[{"@type":"ReadAction","target":["https:\/\/liaalves.com.br\/odontologia-estetica\/"]}]},{"@type":"BreadcrumbList","@id":"https:\/\/liaalves.com.br\/odontologia-estetica\/#breadcrumb","itemListElement":[{"@type":"ListItem","position":1,"name":"In\u00edcio","item":"https:\/\/webapp292042.ip-45-79-33-168.cloudezapp.io\/"},{"@type":"ListItem","position":2,"name":"Odontologia Est\u00e9tica"}]},{"@type":"WebSite","@id":"https:\/\/webapp292042.ip-45-79-33-168.cloudezapp.io\/#website","url":"https:\/\/webapp292042.ip-45-79-33-168.cloudezapp.io\/","name":"Dra. Lia Alves Schinetski","description":"Odontologia | Dentistry","potentialAction":[{"@type":"SearchAction","target":{"@type":"EntryPoint","urlTemplate":"https:\/\/webapp292042.ip-45-79-33-168.cloudezapp.io\/?s={search_term_string}"},"query-input":"required name=search_term_string"}],"inLanguage":"en-US"}]}},"_links":{"self":[{"href":"https:\/\/liaalves.com.br\/en\/wp-json\/wp\/v2\/pages\/45","targetHints":{"allow":["GET"]}}],"collection":[{"href":"https:\/\/liaalves.com.br\/en\/wp-json\/wp\/v2\/pages"}],"about":[{"href":"https:\/\/liaalves.com.br\/en\/wp-json\/wp\/v2\/types\/page"}],"author":[{"embeddable":true,"href":"https:\/\/liaalves.com.br\/en\/wp-json\/wp\/v2\/users\/1"}],"replies":[{"embeddable":true,"href":"https:\/\/liaalves.com.br\/en\/wp-json\/wp\/v2\/comments?post=45"}],"version-history":[{"count":18,"href":"https:\/\/liaalves.com.br\/en\/wp-json\/wp\/v2\/pages\/45\/revisions"}],"predecessor-version":[{"id":807,"href":"https:\/\/liaalves.com.br\/en\/wp-json\/wp\/v2\/pages\/45\/revisions\/807"}],"wp:featuredmedia":[{"embeddable":true,"href":"https:\/\/liaalves.com.br\/en\/wp-json\/wp\/v2\/media\/99"}],"wp:attachment":[{"href":"https:\/\/liaalves.com.br\/en\/wp-json\/wp\/v2\/media?parent=45"}],"curies":[{"name":"wp","href":"https:\/\/api.w.org\/{rel}","templated":true}]}}